{"id":10015,"date":"2025-10-08T11:38:15","date_gmt":"2025-10-08T10:38:15","guid":{"rendered":"https:\/\/hwbygors.cymru\/cogydd-swyddog-caffi\/"},"modified":"2025-10-14T16:10:46","modified_gmt":"2025-10-14T15:10:46","slug":"cogydd-swyddog-caffi","status":"publish","type":"page","link":"https:\/\/hwbygors.cymru\/cy\/cogydd-swyddog-caffi\/","title":{"rendered":"Cogydd\/Swyddog Caffi"},"content":{"rendered":"\n<h2 class=\"wp-block-heading\">Disgrifiad Swydd<\/h2>\n\n\n\n<p>Cyflogwr: Awel Aman Tawe<\/p>\n\n\n\n<p>Yn adrodd i: Rheolwr Canolfan Hwb y Gors<\/p>\n\n\n\n<p>Cyflog: \u00a330,000 pro rata<\/p>\n\n\n\n<p>Oriau: Swydd rhan-amser \u2013 22.5 awr yr wythnos (rota hyblyg i weddu anghenion y ganolfan)<br><\/p>\n\n\n\n<p>Hyd y contract: 2 flynedd, gyda\u2019r posibilrwydd o estyn yn amodol ar adolygiad<\/p>\n\n\n\n<p>Hawl gwyliau: 25 diwrnod y flwyddyn pro rata<\/p>\n\n\n\n<p>Cynllun pensiwn moesegol gyda chyfraniad cyflog o 6.5% yn cael ei gyfateb gan AAT<\/p>\n\n\n\n<h4 class=\"wp-block-heading\">Pwy ydym ni<\/h4>\n\n\n\n<p>Elusen yw Awel Aman Tawe, wedi\u2019i lleoli yn nyffryn uchaf Aman, a sefydlwyd yn 1998 gyda\u2019r nod o fynd i\u2019r afael \u00e2\u2019r argyfwng hinsawdd a chefnogi gwytnwch cymunedol. Rydym wedi datblygu\u2019r ddwy gydweithfa ynni adnewyddadwy fwyaf yng Nghymru: Awel Co-op (ein cydweithfa wynt) ac Egni Co-op (ein cydweithfa solar). Rydym hefyd yn rhedeg amrywiaeth o brosiectau gan gynnwys rhaglen addysg ysgolion Energy Warriors, trafnidiaeth gymunedol gynaliadwy, cyngor ar effeithlonrwydd ynni a chelfyddydau cymunedol. Prynwyd cyn-ysgol gynradd Cwmgors gennym yn 2018 ac rydym yn ei datblygu\u2019n ganolfan gelfyddydau, addysg a mentergarwch carbon isel: Hwb y Gors. Bydd y swydd hon o Gogydd\/Swyddog Caffi yn chwarae rhan allweddol wrth wireddu\u2019r weledigaeth hon.<\/p>\n\n\n\n<h4 class=\"wp-block-heading\">Crynodeb o\u2019r Swydd<\/h4>\n\n\n\n<p>Fel y cogydd, byddwch chi&#8217;n brofiadol ac wedi ymrwymo i goginio a gweini bwyd maethlon sy&#8217;n adlewyrchu ysbryd Hwb y Gors. Ochr yn ochr \u00e2 hyn, byddwch chi&#8217;n cymryd cyfrifoldeb am redeg y caffi yn effeithlon &#8211; o reoli stoc a bwydlenni i gefnogi gwirfoddolwyr a sicrhau gwasanaeth cwsmeriaid rhagorol. Bydd gennych chi angerdd dros ddatblygiad a thwf Caffi llysieuol Hwb y Gors, gan ddod ag egni a brwdfrydedd i&#8217;r r\u00f4l. Byddwch chi&#8217;n ddatrysydd problemau y mae eich sylw i fanylion mor gryf \u00e2&#8217;ch gwerthfawrogiad o&#8217;r darlun ehangach. Gyda sgiliau cyfathrebu rhagorol, byddwch chi&#8217;n gallu rhyngweithio ag amrywiaeth o randdeiliaid, gan gynnwys gwirfoddolwyr, wrth flaenoriaethu anghenion y Ganolfan yn barhaus o fewn y sefydliad. Mae hon yn swydd heriol a gwerth chweil, ac mae ei llwyddiant yn gofyn am ymrwymiad i&#8217;r gymuned leol ac i bwrpas ar y cyd AAT o fynd i&#8217;r afael \u00e2&#8217;r argyfwng hinsawdd a chefnogi gwydnwch cymunedol. Byddwn yn ymdrechu i sicrhau bod y ganolfan yn hunangynhaliol o fewn 2 flynedd ac yn sero net erbyn 2030, gyda&#8217;r caffi yn chwarae rhan annatod wrth gyrraedd y nodau hyn.<\/p>\n\n\n\n<h4 class=\"wp-block-heading\">Gweledigaeth ar gyfer y Caffi yn Hwb y Gors<\/h4>\n\n\n\n<p>Hoffem i&#8217;n caffi, Caffi&#8217;r Hen Ysgol, wasanaethu&#8217;r gymuned trwy gynnig bwyd blasus, iach a fforddiadwy, cefnogi cyflenwyr lleol a defnyddio cynhwysion a gynhyrchir yn foesegol lle bynnag y bo modd. Rydym yn gweld y caffi yn dod yn fan cyfarfod bywiog i bobl Cwmgors, ymwelwyr o bellter pellach a chymuned yr artistiaid, addysgwyr a mentrau bach yn y ganolfan. Gallai fod cyfle posibl am oriau ychwanegol trwy weithdai rhannu sgiliau o fewn y gymuned.<\/p>\n\n\n\n<p>Rhan allweddol o&#8217;r r\u00f4l fydd cydlynu a gweithio ochr yn ochr \u00e2 staff caffi rhan-amser, gwirfoddolwyr y ganolfan a swyddogion Hwb, yn ogystal \u00e2 chysylltu \u00e2&#8217;n gwirfoddolwyr gardd gymunedol i wneud y gorau o&#8217;u cynnyrch tymhorol.<\/p>\n\n\n\n<p>Mae&#8217;r caffi yn lle ar gyfer cysylltiad cymunedol, gan wasanaethu ein prosiectau niferus a defnyddwyr yr Hwb. Rydym hefyd yn cynllunio caffis iaith, sesiynau gemau bwrdd, prydau cymunedol a chanolfannau cynnes yn y gaeaf.<\/p>\n\n\n\n<p>Mae hyblygrwydd o ran oriau gwaith yn hanfodol, gyda gwasanaeth yn ystod y dydd yn ffurfio&#8217;r cynnig craidd a hyd at ddwy noson yr wythnos (gan gynnwys dydd Gwener) ochr yn ochr \u00e2 gwasanaeth tecaw\u00ea cyfyngedig.<\/p>\n\n\n\n<p>Rydym yn chwilio am berson arbennig sy&#8217;n rhannu&#8217;r weledigaeth hon ac sydd \u00e2&#8217;r sgiliau i helpu i&#8217;w gwireddu.<br><\/p>\n\n\n\n<h4 class=\"wp-block-heading\">Swyddogaethau a Chyfrifoldebau<\/h4>\n\n\n\n<p>Fel Cogydd\/Swyddog Caffi byddwch yn:<\/p>\n\n\n\n<ul class=\"wp-block-list\">\n<li>Creu, coginio a darparu bwydlen lysieuol gyffrous a maethlon yn seiliedig ar dymhorau a dewisiadau cwsmeriaid.<\/li>\n\n\n\n<li>Rheoli gweithrediadau dydd i ddydd y caffi a staff y caffi, gan gynnwys rheoli stoc a defnyddio cynhwysion yn effeithlon.<br><\/li>\n\n\n\n<li>Costio eitemau bwydlen, dadansoddi gwerthiant a chynnal adroddiadau refeniw ac allbynnau dyddiol, wythnosol a misol, gan ddefnyddio data o&#8217;r Square POS i yrru proffidioldeb a sicrhau cynaliadwyedd hirdymor y caffi o fewn yr Hwb.<br><\/li>\n\n\n\n<li>Defnyddio data o\u2019r 6 mis cyntaf o fasnachu i wella gweithrediadau, cynllunio bwydlenni a chostau staffio, gan anelu at y caffi yn hunangynhaliol erbyn 2027. Mae metrigau allweddol yn cynnwys cyfaint gwerthiant, poblogrwydd eitemau, gwerth trafodion cyfartalog, perfformiad categori ac elw gros fesul eitem.<br><\/li>\n\n\n\n<li>Cynnal amgylchedd gl\u00e2n a chroesawgar, yn unol \u00e2\u2019r holl ddeddfwriaeth diogelwch bwyd gan gynnwys COSHH, Diogelwch a Hylendid Bwyd, rheoli alergenau, polis\u00efau iechyd a diogelwch a&#8217;r amgylchedd. Cysylltu \u00e2 swyddog iechyd y cyhoedd yn \u00f4l yr angen.<br><\/li>\n\n\n\n<li>Adeiladu perthnasoedd cryf \u00e2 chwsmeriaid i annog teyrngarwch ac ymweliadau ailadroddus gan ddefnyddio data POS Square ac ymgysylltiad rhagweithiol.<br><\/li>\n\n\n\n<li>Rheoli stoc, gosod archebion a gweithredu coginio swp lle bo\u2019n briodol i wella effeithlonrwydd a phroffidioldeb.<br><\/li>\n\n\n\n<li>Recriwtio, hyfforddi a goruchwylio gwirfoddolwyr wrth baratoi bwyd a diod.<br>Cydlynu gyda gwirfoddolwyr ar gyfer prydau cymunedol, gweithdai, digwyddiadau a chyfleoedd uwchsgilio.<br><\/li>\n\n\n\n<li>Cefnogi gweithgareddau ehangach yr Hwb gan gynnwys yr hwb cynnes, caffi gemau bwrdd, caffis iaith, gweithdai a digwyddiadau gyda bwyd a lluniaeth.<br><\/li>\n\n\n\n<li>Creu a rheoli digwyddiadau thematig i ddathlu dyddiadau allweddol aa gweithgareddau diwylliannol (e.e. Valentines, Dydd Santes Dwynwen, Dydd Gwyl Dewi).<br><\/li>\n\n\n\n<li>Meithrin awyrgylch caffi cynhwysol a diddorol, gan gefnogi sesiynau iaith anffurfiol a mentrau cymunedol.<\/li>\n\n\n\n<li>Datrys problemau gweithredol neu faterion cwsmeriaid gan gynghori gwirfoddolwyr ar arferion gorau i ddarparu gwasanaeth cwsmeriaid rhagorol..<br><\/li>\n\n\n\n<li>Meithrin a chynnal perthnasoedd \u00e2 chyflenwyr lleol, grwpiau cymunedol a rhanddeiliaid i gryfhau r\u00f4l y caffi yn y gymuned.<\/li>\n\n\n\n<li>Hyrwyddo arferion cynaliadwy, gan gynnwys lleihau gwastraff bwyd a blaenoriaethu ffynonellau moesegol<\/li>\n\n\n\n<li>Adolygu gweithrediadau caffi, cynigion bwydlen ac adborth cwsmeriaid yn rheolaidd i nodi gwelliannau a chyfleoedd arloesi.<\/li>\n\n\n\n<li>Gweithredu fel deiliad allweddi ar gyfer yr Hwb, gan sicrhau diogelwch a gweithdrefnau agor\/cau llyfn.<br><\/li>\n<\/ul>\n\n\n\n<h4 class=\"wp-block-heading\">Manyleb Person<\/h4>\n\n\n\n<figure class=\"wp-block-table\"><table><tbody><tr><td>&nbsp;<\/td><td>Hanfodol<\/td><td>Dymunol<\/td><\/tr><tr><td><strong>Experience<\/strong><\/td><td><strong>&nbsp;<\/strong><\/td><td><strong>&nbsp;<\/strong><\/td><\/tr><tr><td><br><span class=\"Y2IQFc\" lang=\"cy\">O leiaf 2 flynedd o brofiad o goginio bwyd o ansawdd uchel mewn lleoliad masnachol<\/span><br><div class=\"KFFQ0c xKf9F\"><\/div><\/td><td>x<\/td><td>&nbsp;<\/td><\/tr><tr><td>Profiad o gydymffurfio \u00e2 deddfwriaeth diogelwch bwyd<\/td><td>x<\/td><td><strong>&nbsp;<\/strong><\/td><\/tr><tr><td>Sgiliau mathemategol da a phrofiad o drin arian parod<\/td><td>x<\/td><td><strong>&nbsp;<\/strong><\/td><\/tr><tr><td>Profiad o reoli staff a\/neu wirfoddolwyr<\/td><td>x<\/td><td><strong>&nbsp;<\/strong><\/td><\/tr><tr><td>Profiad ac angerdd dros fwyd a datblygu bwydlenni<\/td><td>x<\/td><td><strong>&nbsp;<\/strong><\/td><\/tr><tr><td>Profiad o osod a rheoli cyllideb<\/td><td>x<\/td><td><strong>&nbsp;<\/strong><\/td><\/tr><tr><td>Profiad o weithio neu wirfoddoli gyda sefydliadau cymunedol a dealltwriaeth dda o amgylchedd y sector elusennol<\/td><td><strong>&nbsp;<\/strong><\/td><td>x<\/td><\/tr><tr><td>&nbsp;<\/td><td><strong>&nbsp;<\/strong><\/td><td><strong>&nbsp;<\/strong><\/td><\/tr><tr><td><br><span class=\"Y2IQFc\" lang=\"cy\">Gwybodaeth, Sgiliau a Galluoedd<\/span><br><br><div class=\"KFFQ0c xKf9F\"><\/div><\/td><td><strong>&nbsp;<\/strong><\/td><td><strong>&nbsp;<\/strong><\/td><\/tr><tr><td>Sgiliau cyfathrebu a gwasanaeth cwsmeriaid rhagorol<\/td><td>x<\/td><td><strong>&nbsp;<\/strong><\/td><\/tr><tr><td>Y gallu i gydweithio ag ystod eang o bobl gan gynnwys gwirfoddolwyr a phobl agored i niwed<\/td><td>x<\/td><td><strong>&nbsp;<\/strong><\/td><\/tr><tr><td>Y gallu i osod prisiau i adlewyrchu&#8217;r elw gofynnol yn unol \u00e2&#8217;r cynllun Busnes i sicrhau cynaliadwyedd.<\/td><td>x<\/td><td><strong>&nbsp;<\/strong><\/td><\/tr><tr><td>Hyderus wrth ddefnyddio a\/neu ddysgu meddalwedd ddigidol i reoli data (e.e. taenlenni, meddalwedd talu Square, cyfryngau cymdeithasol)<\/td><td>x<\/td><td><strong>&nbsp;<\/strong><\/td><\/tr><tr><td>Sgiliau TGCh &#8211; y gallu i ddefnyddio cronfeydd data, cyfryngau cymdeithasol a chyfrannu at gynnwys gwe.<\/td><td>x<\/td><td><strong>&nbsp;<\/strong><\/td><\/tr><tr><td>Sgiliau datrys problemau da ac ymwybyddiaeth o asesiadau risg<\/td><td>x<\/td><td><strong>&nbsp;<\/strong><\/td><\/tr><tr><td>Sgiliau datrys problemau da ac ymwybyddiaeth o asesiadau risg<\/td><td>x<\/td><td><strong>&nbsp;<\/strong><\/td><\/tr><tr><td>Ymrwymiad i herio ymddygiad gwahaniaethol neu amharchus<\/td><td>x<\/td><td><strong>&nbsp;<\/strong><\/td><\/tr><tr><td>Y gallu i gyfrannu at osod targedau strategol a chynllunio datblygu, gan ddefnyddio casglu data i fireinio cynllun busnes.<br><\/td><td>x<\/td><td><strong>&nbsp;<\/strong><\/td><\/tr><tr><td>Y gallu i weithio&#8217;n annibynnol ac ar y cyd fel rhan o d\u00eem.<\/td><td>x<\/td><td><strong>&nbsp;<\/strong><\/td><\/tr><tr><td>Siaradwr Cymraeg neu ymrwymiad i ddysgu.<\/td><td>x<\/td><td><strong>&nbsp;<\/strong><\/td><\/tr><tr><td>&nbsp;<\/td><td><strong>&nbsp;<\/strong><\/td><td><strong>&nbsp;<\/strong><\/td><\/tr><tr><td><br><span class=\"Y2IQFc\" lang=\"cy\">Rhinweddau Personol<\/span><br><div id=\"tw-images\"><\/div><div class=\"KFFQ0c xKf9F\"><\/div><\/td><td>Hanfodol<\/td><td>Dymunol<\/td><\/tr><tr><td>Rhinweddau arweinyddiaeth<\/td><td>x<\/td><td><strong>&nbsp;<\/strong><\/td><\/tr><tr><td>Ymrwymiad i egwyddorion ecwiti a pharch at eraill<\/td><td>x<\/td><td><strong>&nbsp;<\/strong><\/td><\/tr><tr><td>Dealltwriaeth dda o&#8217;r materion cymdeithasol ac economaidd y mae&#8217;r gymuned leol yn eu hwynebu<\/td><td>x<\/td><td><strong>&nbsp;<\/strong><\/td><\/tr><tr><td>Hyblygrwydd gydag oriau gwaith gan gynnwys gyda&#8217;r nos a phenwythnosau<\/td><td>x<\/td><td><strong>&nbsp;<\/strong><\/td><\/tr><tr><td>Ymrwymiad i&#8217;r newid i Sero Net<\/td><td>x<\/td><td><strong>&nbsp;<\/strong><\/td><\/tr><tr><td>Parodrwydd i ymgymryd \u00e2 hyfforddiant a datblygiad personol<\/td><td>x<\/td><td><strong>&nbsp;<\/strong><\/td><\/tr><\/tbody><\/table><\/figure>\n\n\n\n<p>Hyfforddiant Angenrheidiol a fydd yn cael ei drefnu gan Awel Aman Tawe<\/p>\n\n\n\n<ul class=\"wp-block-list\">\n<li>Gr\u0175p Diogelu B\/Lefel 2<\/li>\n\n\n\n<li>Goruchwyliwr Safle Dynodedig (DPS)<\/li>\n\n\n\n<li>Hylendid a Diogelwch Bwyd Lefel 3<\/li>\n\n\n\n<li>ACT \u2013 Hyfforddiant terfysgaeth<\/li>\n\n\n\n<li>Allergen Awareness<\/li>\n\n\n\n<li>Health &amp; Safety<\/li>\n\n\n\n<li>GDPR<\/li>\n\n\n\n<li>hyfforddiant EDI<\/li>\n\n\n\n<li>Ymwybyddiaeth Anabledd<\/li>\n\n\n\n<li>Trin \u00e2 Llaw<\/li>\n\n\n\n<li>COSHH<\/li>\n\n\n\n<li>Ymwybyddiaeth o DSE<\/li>\n\n\n\n<li>diffibrilio<\/li>\n\n\n\n<li>Larwm toiledau hygyrch<\/li>\n<\/ul>\n\n\n\n<p>Mae swyddi ar agor i bob ymgeisydd cymwys, waeth beth fo&#8217;u hoedran, anabledd, rhyw, priodas\/partneriaeth sifil, beichiogrwydd, mamolaeth, hil, crefydd neu gred, rhyw, neu gyfeiriadedd rhywiol.<\/p>\n\n\n\n<h4 class=\"wp-block-heading\">Proses ymgeisio:<\/h4>\n\n\n\n<p>Rhaid i geisiadau gynnwys CV a llythyr eglurhaol. Mae AAT yn lle arbennig i weithio ac mae&#8217;n bwysig i ni ddeall yn glir pam rydych chi eisiau bod yn rhan o&#8217;r t\u00eem a&#8217;r hyn rydych chi&#8217;n teimlo y gallwch chi ei gynnig. Gwnewch yn si\u0175r eich bod chi&#8217;n disgrifio&#8217;n llawn fel rhan o&#8217;ch cais eich cymhellion, profiad ac addasrwydd ar gyfer y r\u00f4l gan gyfeirio at y disgwyliadau a nodir yn y fanyleb bersonol a&#8217;r disgrifiad swydd.<\/p>\n\n\n\n<p>Anfonwch eich cais drwy e-bost at <span \n                data-original-string='\/k\/BWxA38D7QR+g8+SX02g==f8c5En8H9A8seNUCzVEgMlzQlIGVQsI0X4B12LQHCtWJoM='\n                class='apbct-email-encoder'\n                title='This contact has been encoded by Anti-Spam by CleanTalk. Click to decode. To finish the decoding make sure that JavaScript is enabled in your browser.'>cr<span class=\"apbct-blur\">****<\/span>@<span class=\"apbct-blur\">**<\/span>el.coop<\/span>. Rhowch Swyddog Cogydd\/Caffi Hwb y Gors yn y pwnc.<\/p>\n\n\n\n<p>Dyddiad Cau: Dydd Gwener 28 Tachwedd<\/p>\n\n\n\n<p>Cyfweliadau: Dydd Mawrth 9fed o Ragfyr<\/p>\n\n\n\n<p>Mae&#8217;r swydd hon wedi&#8217;i hariannu&#8217;n rhannol gan Gronfa Pobl a Lleoedd y Loteri Genedlaethol.<\/p>\n","protected":false},"excerpt":{"rendered":"<p>Disgrifiad Swydd Cyflogwr: Awel Aman Tawe Yn adrodd i: Rheolwr Canolfan Hwb y Gors Cyflog: \u00a330,000 pro rata Oriau: Swydd rhan-amser \u2013 22.5 awr<\/p>\n","protected":false},"author":4,"featured_media":9789,"parent":0,"menu_order":0,"comment_status":"closed","ping_status":"closed","template":"","meta":{"_acf_changed":false,"inline_featured_image":false,"iawp_total_views":4,"footnotes":""},"class_list":["post-10015","page","type-page","status-publish","has-post-thumbnail","hentry"],"acf":[],"yoast_head":"<!-- This site is optimized with the Yoast SEO plugin v27.4 - https:\/\/yoast.com\/product\/yoast-seo-wordpress\/ -->\n<title>Cogydd\/Swyddog Caffi - Hwb y Gors<\/title>\n<meta name=\"robots\" content=\"index, follow, max-snippet:-1, max-image-preview:large, max-video-preview:-1\" \/>\n<meta property=\"og:locale\" content=\"en_US\" \/>\n<meta property=\"og:type\" content=\"article\" \/>\n<meta property=\"og:title\" content=\"Cogydd\/Swyddog Caffi - Hwb y Gors\" \/>\n<meta property=\"og:description\" content=\"Disgrifiad Swydd Cyflogwr: Awel Aman Tawe Yn adrodd i: Rheolwr Canolfan Hwb y Gors Cyflog: \u00a330,000 pro rata Oriau: Swydd rhan-amser \u2013 22.5 awr\" \/>\n<meta property=\"og:url\" content=\"https:\/\/hwbygors.cymru\/cy\/cogydd-swyddog-caffi\/\" \/>\n<meta property=\"og:site_name\" content=\"Hwb y Gors\" \/>\n<meta property=\"article:publisher\" content=\"https:\/\/www.facebook.com\/hwbygors\" \/>\n<meta property=\"article:modified_time\" content=\"2025-10-14T15:10:46+00:00\" \/>\n<meta property=\"og:image\" content=\"https:\/\/hwbygors.cymru\/wp-content\/uploads\/2025\/01\/cafe.jpeg\" \/>\n\t<meta property=\"og:image:width\" content=\"1536\" \/>\n\t<meta property=\"og:image:height\" content=\"1536\" \/>\n\t<meta property=\"og:image:type\" content=\"image\/jpeg\" \/>\n<meta name=\"twitter:card\" content=\"summary_large_image\" \/>\n<meta name=\"twitter:label1\" content=\"Est. reading time\" \/>\n\t<meta name=\"twitter:data1\" content=\"7 munud\" \/>\n<script type=\"application\/ld+json\" class=\"yoast-schema-graph\">{\"@context\":\"https:\\\/\\\/schema.org\",\"@graph\":[{\"@type\":\"WebPage\",\"@id\":\"https:\\\/\\\/hwbygors.cymru\\\/cy\\\/cogydd-swyddog-caffi\\\/\",\"url\":\"https:\\\/\\\/hwbygors.cymru\\\/cy\\\/cogydd-swyddog-caffi\\\/\",\"name\":\"Cogydd\\\/Swyddog Caffi - Hwb y Gors\",\"isPartOf\":{\"@id\":\"https:\\\/\\\/hwbygors.cymru\\\/cy\\\/#website\"},\"primaryImageOfPage\":{\"@id\":\"https:\\\/\\\/hwbygors.cymru\\\/cy\\\/cogydd-swyddog-caffi\\\/#primaryimage\"},\"image\":{\"@id\":\"https:\\\/\\\/hwbygors.cymru\\\/cy\\\/cogydd-swyddog-caffi\\\/#primaryimage\"},\"thumbnailUrl\":\"https:\\\/\\\/hwbygors.cymru\\\/wp-content\\\/uploads\\\/2025\\\/01\\\/cafe.jpeg\",\"datePublished\":\"2025-10-08T10:38:15+00:00\",\"dateModified\":\"2025-10-14T15:10:46+00:00\",\"breadcrumb\":{\"@id\":\"https:\\\/\\\/hwbygors.cymru\\\/cy\\\/cogydd-swyddog-caffi\\\/#breadcrumb\"},\"inLanguage\":\"cy\",\"potentialAction\":[{\"@type\":\"ReadAction\",\"target\":[\"https:\\\/\\\/hwbygors.cymru\\\/cy\\\/cogydd-swyddog-caffi\\\/\"]}]},{\"@type\":\"ImageObject\",\"inLanguage\":\"cy\",\"@id\":\"https:\\\/\\\/hwbygors.cymru\\\/cy\\\/cogydd-swyddog-caffi\\\/#primaryimage\",\"url\":\"https:\\\/\\\/hwbygors.cymru\\\/wp-content\\\/uploads\\\/2025\\\/01\\\/cafe.jpeg\",\"contentUrl\":\"https:\\\/\\\/hwbygors.cymru\\\/wp-content\\\/uploads\\\/2025\\\/01\\\/cafe.jpeg\",\"width\":1536,\"height\":1536},{\"@type\":\"BreadcrumbList\",\"@id\":\"https:\\\/\\\/hwbygors.cymru\\\/cy\\\/cogydd-swyddog-caffi\\\/#breadcrumb\",\"itemListElement\":[{\"@type\":\"ListItem\",\"position\":1,\"name\":\"Home\",\"item\":\"https:\\\/\\\/hwbygors.cymru\\\/cy\\\/\"},{\"@type\":\"ListItem\",\"position\":2,\"name\":\"Cogydd\\\/Swyddog Caffi\"}]},{\"@type\":\"WebSite\",\"@id\":\"https:\\\/\\\/hwbygors.cymru\\\/cy\\\/#website\",\"url\":\"https:\\\/\\\/hwbygors.cymru\\\/cy\\\/\",\"name\":\"Hwb y Gors\",\"description\":\"\",\"publisher\":{\"@id\":\"https:\\\/\\\/hwbygors.cymru\\\/cy\\\/#organization\"},\"potentialAction\":[{\"@type\":\"SearchAction\",\"target\":{\"@type\":\"EntryPoint\",\"urlTemplate\":\"https:\\\/\\\/hwbygors.cymru\\\/cy\\\/?s={search_term_string}\"},\"query-input\":{\"@type\":\"PropertyValueSpecification\",\"valueRequired\":true,\"valueName\":\"search_term_string\"}}],\"inLanguage\":\"cy\"},{\"@type\":\"Organization\",\"@id\":\"https:\\\/\\\/hwbygors.cymru\\\/cy\\\/#organization\",\"name\":\"Hwb y Gors\",\"url\":\"https:\\\/\\\/hwbygors.cymru\\\/cy\\\/\",\"logo\":{\"@type\":\"ImageObject\",\"inLanguage\":\"cy\",\"@id\":\"https:\\\/\\\/hwbygors.cymru\\\/cy\\\/#\\\/schema\\\/logo\\\/image\\\/\",\"url\":\"https:\\\/\\\/hwbygors.cymru\\\/wp-content\\\/uploads\\\/2024\\\/12\\\/Hwbygors-logo-dark.svg\",\"contentUrl\":\"https:\\\/\\\/hwbygors.cymru\\\/wp-content\\\/uploads\\\/2024\\\/12\\\/Hwbygors-logo-dark.svg\",\"width\":151,\"height\":116,\"caption\":\"Hwb y Gors\"},\"image\":{\"@id\":\"https:\\\/\\\/hwbygors.cymru\\\/cy\\\/#\\\/schema\\\/logo\\\/image\\\/\"},\"sameAs\":[\"https:\\\/\\\/www.facebook.com\\\/hwbygors\",\"https:\\\/\\\/www.youtube.com\\\/@Awelamantawe\",\"https:\\\/\\\/www.instagram.com\\\/explore\\\/search\\\/keyword\\\/?q=hwbygors\"]}]}<\/script>\n<!-- \/ Yoast SEO plugin. -->","yoast_head_json":{"title":"Cogydd\/Swyddog Caffi - Hwb y Gors","robots":{"index":"index","follow":"follow","max-snippet":"max-snippet:-1","max-image-preview":"max-image-preview:large","max-video-preview":"max-video-preview:-1"},"og_locale":"en_US","og_type":"article","og_title":"Cogydd\/Swyddog Caffi - Hwb y Gors","og_description":"Disgrifiad Swydd Cyflogwr: Awel Aman Tawe Yn adrodd i: Rheolwr Canolfan Hwb y Gors Cyflog: \u00a330,000 pro rata Oriau: Swydd rhan-amser \u2013 22.5 awr","og_url":"https:\/\/hwbygors.cymru\/cy\/cogydd-swyddog-caffi\/","og_site_name":"Hwb y Gors","article_publisher":"https:\/\/www.facebook.com\/hwbygors","article_modified_time":"2025-10-14T15:10:46+00:00","og_image":[{"width":1536,"height":1536,"url":"https:\/\/hwbygors.cymru\/wp-content\/uploads\/2025\/01\/cafe.jpeg","type":"image\/jpeg"}],"twitter_card":"summary_large_image","twitter_misc":{"Est. reading time":"7 munud"},"schema":{"@context":"https:\/\/schema.org","@graph":[{"@type":"WebPage","@id":"https:\/\/hwbygors.cymru\/cy\/cogydd-swyddog-caffi\/","url":"https:\/\/hwbygors.cymru\/cy\/cogydd-swyddog-caffi\/","name":"Cogydd\/Swyddog Caffi - Hwb y Gors","isPartOf":{"@id":"https:\/\/hwbygors.cymru\/cy\/#website"},"primaryImageOfPage":{"@id":"https:\/\/hwbygors.cymru\/cy\/cogydd-swyddog-caffi\/#primaryimage"},"image":{"@id":"https:\/\/hwbygors.cymru\/cy\/cogydd-swyddog-caffi\/#primaryimage"},"thumbnailUrl":"https:\/\/hwbygors.cymru\/wp-content\/uploads\/2025\/01\/cafe.jpeg","datePublished":"2025-10-08T10:38:15+00:00","dateModified":"2025-10-14T15:10:46+00:00","breadcrumb":{"@id":"https:\/\/hwbygors.cymru\/cy\/cogydd-swyddog-caffi\/#breadcrumb"},"inLanguage":"cy","potentialAction":[{"@type":"ReadAction","target":["https:\/\/hwbygors.cymru\/cy\/cogydd-swyddog-caffi\/"]}]},{"@type":"ImageObject","inLanguage":"cy","@id":"https:\/\/hwbygors.cymru\/cy\/cogydd-swyddog-caffi\/#primaryimage","url":"https:\/\/hwbygors.cymru\/wp-content\/uploads\/2025\/01\/cafe.jpeg","contentUrl":"https:\/\/hwbygors.cymru\/wp-content\/uploads\/2025\/01\/cafe.jpeg","width":1536,"height":1536},{"@type":"BreadcrumbList","@id":"https:\/\/hwbygors.cymru\/cy\/cogydd-swyddog-caffi\/#breadcrumb","itemListElement":[{"@type":"ListItem","position":1,"name":"Home","item":"https:\/\/hwbygors.cymru\/cy\/"},{"@type":"ListItem","position":2,"name":"Cogydd\/Swyddog Caffi"}]},{"@type":"WebSite","@id":"https:\/\/hwbygors.cymru\/cy\/#website","url":"https:\/\/hwbygors.cymru\/cy\/","name":"Hwb y Gors","description":"","publisher":{"@id":"https:\/\/hwbygors.cymru\/cy\/#organization"},"potentialAction":[{"@type":"SearchAction","target":{"@type":"EntryPoint","urlTemplate":"https:\/\/hwbygors.cymru\/cy\/?s={search_term_string}"},"query-input":{"@type":"PropertyValueSpecification","valueRequired":true,"valueName":"search_term_string"}}],"inLanguage":"cy"},{"@type":"Organization","@id":"https:\/\/hwbygors.cymru\/cy\/#organization","name":"Hwb y Gors","url":"https:\/\/hwbygors.cymru\/cy\/","logo":{"@type":"ImageObject","inLanguage":"cy","@id":"https:\/\/hwbygors.cymru\/cy\/#\/schema\/logo\/image\/","url":"https:\/\/hwbygors.cymru\/wp-content\/uploads\/2024\/12\/Hwbygors-logo-dark.svg","contentUrl":"https:\/\/hwbygors.cymru\/wp-content\/uploads\/2024\/12\/Hwbygors-logo-dark.svg","width":151,"height":116,"caption":"Hwb y Gors"},"image":{"@id":"https:\/\/hwbygors.cymru\/cy\/#\/schema\/logo\/image\/"},"sameAs":["https:\/\/www.facebook.com\/hwbygors","https:\/\/www.youtube.com\/@Awelamantawe","https:\/\/www.instagram.com\/explore\/search\/keyword\/?q=hwbygors"]}]}},"_links":{"self":[{"href":"https:\/\/hwbygors.cymru\/cy\/wp-json\/wp\/v2\/pages\/10015","targetHints":{"allow":["GET"]}}],"collection":[{"href":"https:\/\/hwbygors.cymru\/cy\/wp-json\/wp\/v2\/pages"}],"about":[{"href":"https:\/\/hwbygors.cymru\/cy\/wp-json\/wp\/v2\/types\/page"}],"author":[{"embeddable":true,"href":"https:\/\/hwbygors.cymru\/cy\/wp-json\/wp\/v2\/users\/4"}],"replies":[{"embeddable":true,"href":"https:\/\/hwbygors.cymru\/cy\/wp-json\/wp\/v2\/comments?post=10015"}],"version-history":[{"count":0,"href":"https:\/\/hwbygors.cymru\/cy\/wp-json\/wp\/v2\/pages\/10015\/revisions"}],"wp:featuredmedia":[{"embeddable":true,"href":"https:\/\/hwbygors.cymru\/cy\/wp-json\/wp\/v2\/media\/9789"}],"wp:attachment":[{"href":"https:\/\/hwbygors.cymru\/cy\/wp-json\/wp\/v2\/media?parent=10015"}],"curies":[{"name":"wp","href":"https:\/\/api.w.org\/{rel}","templated":true}]}}