{"id":11399,"date":"2026-03-24T15:24:48","date_gmt":"2026-03-24T15:24:48","guid":{"rendered":"https:\/\/hwbygors.cymru\/?post_type=product&#038;p=11399"},"modified":"2026-03-24T15:25:46","modified_gmt":"2026-03-24T15:25:46","slug":"clwb-pwyth-copy-3","status":"publish","type":"product","link":"https:\/\/hwbygors.cymru\/cy\/booking\/clwb-pwyth-copy-3\/","title":{"rendered":"Clwb Pwyth"},"content":{"rendered":"","protected":false},"excerpt":{"rendered":"<p>Gr\u0175p gwn\u00efo a phwytho hamddenol a chymdeithasol lle mae croeso i bawb. Dewch \u00e2&#8217;ch prosiect eich hun neu rhowch gynnig ar rywbeth newydd ochr&#8230;<\/p>\n","protected":false},"featured_media":11296,"template":"","meta":{"_acf_changed":false,"inline_featured_image":false,"iawp_total_views":0},"product_brand":[],"product_cat":[189,190],"product_tag":[],"class_list":{"0":"post-11399","1":"product","2":"type-product","3":"status-publish","4":"has-post-thumbnail","6":"product_cat-digwyddiad","7":"product_cat-clwb-rheolaidd","9":"first","10":"instock","11":"virtual","12":"product-type-simple"},"booking_location":null,"booking_location_type":null,"booking_duration":null,"booking_duration_unit":null,"booking_buffer":null,"booking_cost":null,"booking_resources":null,"exclude_global_add_ons":[],"addons":[],"acf":[],"yoast_head":"<!-- This site is optimized with the Yoast SEO plugin v27.2 - https:\/\/yoast.com\/product\/yoast-seo-wordpress\/ -->\n<title>Clwb Pwyth - Hwb y Gors<\/title>\n<meta name=\"robots\" content=\"index, follow, max-snippet:-1, max-image-preview:large, max-video-preview:-1\" \/>\n<meta property=\"og:locale\" content=\"en_US\" \/>\n<meta property=\"og:type\" content=\"article\" \/>\n<meta property=\"og:title\" content=\"Clwb Pwyth - Hwb y Gors\" \/>\n<meta property=\"og:description\" content=\"Gr\u0175p gwn\u00efo a phwytho hamddenol a chymdeithasol lle mae croeso i bawb. Dewch \u00e2&#039;ch prosiect eich hun neu rhowch gynnig ar rywbeth newydd ochr...\" \/>\n<meta property=\"og:url\" content=\"https:\/\/hwbygors.cymru\/cy\/booking\/clwb-pwyth-copy-3\/\" \/>\n<meta property=\"og:site_name\" content=\"Hwb y Gors\" \/>\n<meta property=\"article:publisher\" content=\"https:\/\/www.facebook.com\/hwbygors\" \/>\n<meta property=\"article:modified_time\" content=\"2026-03-24T15:25:46+00:00\" \/>\n<meta property=\"og:image\" content=\"https:\/\/hwbygors.cymru\/wp-content\/uploads\/2026\/03\/1-e1773060042182.png\" \/>\n\t<meta property=\"og:image:width\" content=\"1357\" \/>\n\t<meta property=\"og:image:height\" content=\"1920\" \/>\n\t<meta property=\"og:image:type\" content=\"image\/png\" \/>\n<meta name=\"twitter:card\" content=\"summary_large_image\" \/>\n<script type=\"application\/ld+json\" class=\"yoast-schema-graph\">{\"@context\":\"https:\/\/schema.org\",\"@graph\":[{\"@type\":\"WebPage\",\"@id\":\"https:\/\/hwbygors.cymru\/cy\/booking\/clwb-pwyth-copy-3\/\",\"url\":\"https:\/\/hwbygors.cymru\/cy\/booking\/clwb-pwyth-copy-3\/\",\"name\":\"Clwb Pwyth - Hwb y Gors\",\"isPartOf\":{\"@id\":\"https:\/\/hwbygors.cymru\/cy\/#website\"},\"primaryImageOfPage\":{\"@id\":\"https:\/\/hwbygors.cymru\/cy\/booking\/clwb-pwyth-copy-3\/#primaryimage\"},\"image\":{\"@id\":\"https:\/\/hwbygors.cymru\/cy\/booking\/clwb-pwyth-copy-3\/#primaryimage\"},\"thumbnailUrl\":\"https:\/\/hwbygors.cymru\/wp-content\/uploads\/2026\/03\/1-e1773060042182.png\",\"datePublished\":\"2026-03-24T15:24:48+00:00\",\"dateModified\":\"2026-03-24T15:25:46+00:00\",\"breadcrumb\":{\"@id\":\"https:\/\/hwbygors.cymru\/cy\/booking\/clwb-pwyth-copy-3\/#breadcrumb\"},\"inLanguage\":\"cy\",\"potentialAction\":[{\"@type\":\"ReadAction\",\"target\":[\"https:\/\/hwbygors.cymru\/cy\/booking\/clwb-pwyth-copy-3\/\"]}]},{\"@type\":\"ImageObject\",\"inLanguage\":\"cy\",\"@id\":\"https:\/\/hwbygors.cymru\/cy\/booking\/clwb-pwyth-copy-3\/#primaryimage\",\"url\":\"https:\/\/hwbygors.cymru\/wp-content\/uploads\/2026\/03\/1-e1773060042182.png\",\"contentUrl\":\"https:\/\/hwbygors.cymru\/wp-content\/uploads\/2026\/03\/1-e1773060042182.png\",\"width\":1357,\"height\":1920},{\"@type\":\"BreadcrumbList\",\"@id\":\"https:\/\/hwbygors.cymru\/cy\/booking\/clwb-pwyth-copy-3\/#breadcrumb\",\"itemListElement\":[{\"@type\":\"ListItem\",\"position\":1,\"name\":\"Home\",\"item\":\"https:\/\/hwbygors.cymru\/cy\/\"},{\"@type\":\"ListItem\",\"position\":2,\"name\":\"Archebu\",\"item\":\"https:\/\/hwbygors.cymru\/cy\/shop\/\"},{\"@type\":\"ListItem\",\"position\":3,\"name\":\"Clwb Pwyth\"}]},{\"@type\":\"WebSite\",\"@id\":\"https:\/\/hwbygors.cymru\/cy\/#website\",\"url\":\"https:\/\/hwbygors.cymru\/cy\/\",\"name\":\"Hwb y Gors\",\"description\":\"\",\"publisher\":{\"@id\":\"https:\/\/hwbygors.cymru\/cy\/#organization\"},\"potentialAction\":[{\"@type\":\"SearchAction\",\"target\":{\"@type\":\"EntryPoint\",\"urlTemplate\":\"https:\/\/hwbygors.cymru\/cy\/?s={search_term_string}\"},\"query-input\":{\"@type\":\"PropertyValueSpecification\",\"valueRequired\":true,\"valueName\":\"search_term_string\"}}],\"inLanguage\":\"cy\"},{\"@type\":\"Organization\",\"@id\":\"https:\/\/hwbygors.cymru\/cy\/#organization\",\"name\":\"Hwb y Gors\",\"url\":\"https:\/\/hwbygors.cymru\/cy\/\",\"logo\":{\"@type\":\"ImageObject\",\"inLanguage\":\"cy\",\"@id\":\"https:\/\/hwbygors.cymru\/cy\/#\/schema\/logo\/image\/\",\"url\":\"https:\/\/hwbygors.cymru\/wp-content\/uploads\/2024\/12\/Hwbygors-logo-dark.svg\",\"contentUrl\":\"https:\/\/hwbygors.cymru\/wp-content\/uploads\/2024\/12\/Hwbygors-logo-dark.svg\",\"width\":151,\"height\":116,\"caption\":\"Hwb y Gors\"},\"image\":{\"@id\":\"https:\/\/hwbygors.cymru\/cy\/#\/schema\/logo\/image\/\"},\"sameAs\":[\"https:\/\/www.facebook.com\/hwbygors\",\"https:\/\/www.youtube.com\/@Awelamantawe\",\"https:\/\/www.instagram.com\/explore\/search\/keyword\/?q=hwbygors\"]}]}<\/script>\n<!-- \/ Yoast SEO plugin. -->","yoast_head_json":{"title":"Clwb Pwyth - Hwb y Gors","robots":{"index":"index","follow":"follow","max-snippet":"max-snippet:-1","max-image-preview":"max-image-preview:large","max-video-preview":"max-video-preview:-1"},"og_locale":"en_US","og_type":"article","og_title":"Clwb Pwyth - Hwb y Gors","og_description":"Gr\u0175p gwn\u00efo a phwytho hamddenol a chymdeithasol lle mae croeso i bawb. Dewch \u00e2'ch prosiect eich hun neu rhowch gynnig ar rywbeth newydd ochr...","og_url":"https:\/\/hwbygors.cymru\/cy\/booking\/clwb-pwyth-copy-3\/","og_site_name":"Hwb y Gors","article_publisher":"https:\/\/www.facebook.com\/hwbygors","article_modified_time":"2026-03-24T15:25:46+00:00","og_image":[{"width":1357,"height":1920,"url":"https:\/\/hwbygors.cymru\/wp-content\/uploads\/2026\/03\/1-e1773060042182.png","type":"image\/png"}],"twitter_card":"summary_large_image","schema":{"@context":"https:\/\/schema.org","@graph":[{"@type":"WebPage","@id":"https:\/\/hwbygors.cymru\/cy\/booking\/clwb-pwyth-copy-3\/","url":"https:\/\/hwbygors.cymru\/cy\/booking\/clwb-pwyth-copy-3\/","name":"Clwb Pwyth - Hwb y Gors","isPartOf":{"@id":"https:\/\/hwbygors.cymru\/cy\/#website"},"primaryImageOfPage":{"@id":"https:\/\/hwbygors.cymru\/cy\/booking\/clwb-pwyth-copy-3\/#primaryimage"},"image":{"@id":"https:\/\/hwbygors.cymru\/cy\/booking\/clwb-pwyth-copy-3\/#primaryimage"},"thumbnailUrl":"https:\/\/hwbygors.cymru\/wp-content\/uploads\/2026\/03\/1-e1773060042182.png","datePublished":"2026-03-24T15:24:48+00:00","dateModified":"2026-03-24T15:25:46+00:00","breadcrumb":{"@id":"https:\/\/hwbygors.cymru\/cy\/booking\/clwb-pwyth-copy-3\/#breadcrumb"},"inLanguage":"cy","potentialAction":[{"@type":"ReadAction","target":["https:\/\/hwbygors.cymru\/cy\/booking\/clwb-pwyth-copy-3\/"]}]},{"@type":"ImageObject","inLanguage":"cy","@id":"https:\/\/hwbygors.cymru\/cy\/booking\/clwb-pwyth-copy-3\/#primaryimage","url":"https:\/\/hwbygors.cymru\/wp-content\/uploads\/2026\/03\/1-e1773060042182.png","contentUrl":"https:\/\/hwbygors.cymru\/wp-content\/uploads\/2026\/03\/1-e1773060042182.png","width":1357,"height":1920},{"@type":"BreadcrumbList","@id":"https:\/\/hwbygors.cymru\/cy\/booking\/clwb-pwyth-copy-3\/#breadcrumb","itemListElement":[{"@type":"ListItem","position":1,"name":"Home","item":"https:\/\/hwbygors.cymru\/cy\/"},{"@type":"ListItem","position":2,"name":"Archebu","item":"https:\/\/hwbygors.cymru\/cy\/shop\/"},{"@type":"ListItem","position":3,"name":"Clwb Pwyth"}]},{"@type":"WebSite","@id":"https:\/\/hwbygors.cymru\/cy\/#website","url":"https:\/\/hwbygors.cymru\/cy\/","name":"Hwb y Gors","description":"","publisher":{"@id":"https:\/\/hwbygors.cymru\/cy\/#organization"},"potentialAction":[{"@type":"SearchAction","target":{"@type":"EntryPoint","urlTemplate":"https:\/\/hwbygors.cymru\/cy\/?s={search_term_string}"},"query-input":{"@type":"PropertyValueSpecification","valueRequired":true,"valueName":"search_term_string"}}],"inLanguage":"cy"},{"@type":"Organization","@id":"https:\/\/hwbygors.cymru\/cy\/#organization","name":"Hwb y Gors","url":"https:\/\/hwbygors.cymru\/cy\/","logo":{"@type":"ImageObject","inLanguage":"cy","@id":"https:\/\/hwbygors.cymru\/cy\/#\/schema\/logo\/image\/","url":"https:\/\/hwbygors.cymru\/wp-content\/uploads\/2024\/12\/Hwbygors-logo-dark.svg","contentUrl":"https:\/\/hwbygors.cymru\/wp-content\/uploads\/2024\/12\/Hwbygors-logo-dark.svg","width":151,"height":116,"caption":"Hwb y Gors"},"image":{"@id":"https:\/\/hwbygors.cymru\/cy\/#\/schema\/logo\/image\/"},"sameAs":["https:\/\/www.facebook.com\/hwbygors","https:\/\/www.youtube.com\/@Awelamantawe","https:\/\/www.instagram.com\/explore\/search\/keyword\/?q=hwbygors"]}]}},"_links":{"self":[{"href":"https:\/\/hwbygors.cymru\/cy\/wp-json\/wp\/v2\/product\/11399","targetHints":{"allow":["GET"]}}],"collection":[{"href":"https:\/\/hwbygors.cymru\/cy\/wp-json\/wp\/v2\/product"}],"about":[{"href":"https:\/\/hwbygors.cymru\/cy\/wp-json\/wp\/v2\/types\/product"}],"wp:featuredmedia":[{"embeddable":true,"href":"https:\/\/hwbygors.cymru\/cy\/wp-json\/wp\/v2\/media\/11296"}],"wp:attachment":[{"href":"https:\/\/hwbygors.cymru\/cy\/wp-json\/wp\/v2\/media?parent=11399"}],"wp:term":[{"taxonomy":"product_brand","embeddable":true,"href":"https:\/\/hwbygors.cymru\/cy\/wp-json\/wp\/v2\/product_brand?post=11399"},{"taxonomy":"product_cat","embeddable":true,"href":"https:\/\/hwbygors.cymru\/cy\/wp-json\/wp\/v2\/product_cat?post=11399"},{"taxonomy":"product_tag","embeddable":true,"href":"https:\/\/hwbygors.cymru\/cy\/wp-json\/wp\/v2\/product_tag?post=11399"}],"curies":[{"name":"wp","href":"https:\/\/api.w.org\/{rel}","templated":true}]}}